{"id":28745,"date":"2018-01-19T10:55:21","date_gmt":"2018-01-19T09:55:21","guid":{"rendered":"https:\/\/tadaaz.be\/blog\/de\/?page_id=28745"},"modified":"2026-01-27T11:48:51","modified_gmt":"2026-01-27T10:48:51","slug":"kostenlose-checkliste-hochzeit","status":"publish","type":"page","link":"https:\/\/tadaaz.de\/blog\/de\/kostenlose-checkliste-hochzeit\/","title":{"rendered":"Hochzeitscheckliste f\u00fcr euren sch\u00f6nsten Tag."},"content":{"rendered":"\n<figure class=\"wp-block-image aligncenter size-large\"><img loading=\"lazy\" decoding=\"async\" width=\"1024\" height=\"684\" src=\"https:\/\/tadaaz.de\/blog\/wp-content\/uploads\/2025\/03\/EVIARNE_WEDDINGSHOOT-65-1024x684.jpg\" alt=\"\" class=\"wp-image-99760\" style=\"aspect-ratio:16\/9;object-fit:cover\" srcset=\"https:\/\/tadaaz.de\/blog\/wp-content\/uploads\/2025\/03\/EVIARNE_WEDDINGSHOOT-65-1024x684.jpg 1024w, https:\/\/tadaaz.de\/blog\/wp-content\/uploads\/2025\/03\/EVIARNE_WEDDINGSHOOT-65-300x200.jpg 300w, https:\/\/tadaaz.de\/blog\/wp-content\/uploads\/2025\/03\/EVIARNE_WEDDINGSHOOT-65-768x513.jpg 768w, https:\/\/tadaaz.de\/blog\/wp-content\/uploads\/2025\/03\/EVIARNE_WEDDINGSHOOT-65-1536x1026.jpg 1536w, https:\/\/tadaaz.de\/blog\/wp-content\/uploads\/2025\/03\/EVIARNE_WEDDINGSHOOT-65-100x67.jpg 100w, https:\/\/tadaaz.de\/blog\/wp-content\/uploads\/2025\/03\/EVIARNE_WEDDINGSHOOT-65.jpg 1613w\" sizes=\"auto, (max-width: 1024px) 100vw, 1024px\" \/><\/figure>\n\n\n<div class=\"klaviyo-form-wrapper\" data-klaviyo-form-id=\"Rcr6YV\"><div class=\"klaviyo-form-Rcr6YV\"><\/div><div style=\"background: #f7f7f7; border: 1px dashed #ccc; padding: 20px; text-align: center; color: #666;\"><strong>Klaviyo Form Placeholder<\/strong><br>ID: Rcr6YV<\/div><\/div>\n\n\n<p><strong>Melde dich f\u00fcr unseren Newsletter an und erhalte sofort den Link zum Download deiner Hochzeitscheckliste voller wertvollen Tipps! Du kannst dich jederzeit wieder abmelden.<\/strong><\/p>\n\n\n\n<p>Steht eure Hochzeit bevor? Herzlichen Gl\u00fcckwunsch! Eure Hochzeit soll einer der sch\u00f6nsten Tage eures Lebens werden &#8211; und daf\u00fcr muss alles bis ins kleinste Detail vorbereitet sein. Deshalb haben wir bei Tadaaz einige Experten befragt, um die ultimative Hochzeitscheckliste zusammenzustellen, mit der jede Hochzeit ein voller Erfolg wird. Dank dieser Hochzeitscheckliste k\u00f6nnen Braut und Br\u00e4utigam ihren gro\u00dfen Tag unbeschwert genie\u00dfen. <\/p>\n\n\n\n<p>Ihr m\u00f6chtet sicherstellen, dass alles perfekt f\u00fcr eure Hochzeit organisiert ist. Nur eines l\u00e4sst sich nicht vorhersehen: das Wetter. Wir dr\u00fccken euch die Daumen, dass Regenschirme nicht n\u00f6tig sein werden! Make-up, Save-the-Date-Karten, stilvolle Tischdekoration f\u00fcr eure G\u00e4ste \u2013 mit unserer Hochzeitscheckliste denkt ihr wirklich an jedes Detail. Bereit, loszulegen? Viel Freude und Erfolg bei der Planung!<\/p>\n\n\n\n<p>Die Organisation einer Hochzeit erfordert viel Vorbereitung. An diesem besonderen Tag muss einfach alles perfekt sein &#8211; schlie\u00dflich heiratet man nicht jeden Tag. Tadaaz m\u00f6chte, dass ihr diesen Moment in vollen Z\u00fcgen genie\u00dfen k\u00f6nnt. Mit unserer Hochzeitscheckliste sorgt ihr garantiert f\u00fcr einen unvergesslichen Tag. Jeder Schritt ist ausf\u00fchrlich erkl\u00e4rt, sodass ihr sicher nichts vergesst, wenn es um einen der sch\u00f6nsten Augenblicke eures Lebens geht. <\/p>\n\n\n\n<p> M\u00f6chtet ihr rundum gut vorbereitet sein oder habt ihr Angst, etwas zu \u00fcbersehen? Dann lest unbedingt unsere Hochzeitscheckliste, um euch eine traumhafte Feier ohne Sorgen zu sichern und gemeinsam diesen besonderen Tag zu genie\u00dfen. <\/p>\n\n\n\n<p><\/p>\n","protected":false},"excerpt":{"rendered":"<p>Melde dich f\u00fcr unseren Newsletter an und erhalte sofort den Link zum Download deiner Hochzeitscheckliste voller wertvollen Tipps! Du kannst dich jederzeit wieder abmelden. Steht eure Hochzeit bevor? Herzlichen Gl\u00fcckwunsch! Eure Hochzeit soll einer der sch\u00f6nsten Tage eures Lebens werden &#8211; und daf\u00fcr muss alles bis ins kleinste Detail vorbereitet sein. Deshalb haben wir bei [&hellip;]<\/p>\n","protected":false},"author":25,"featured_media":54647,"parent":0,"menu_order":0,"comment_status":"closed","ping_status":"closed","template":"","meta":{"footnotes":""},"class_list":["post-28745","page","type-page","status-publish","has-post-thumbnail","hentry"],"blocksy_meta":{"styles_descriptor":{"styles":{"desktop":"","tablet":"","mobile":""},"google_fonts":[],"version":6}},"yoast_head":"<!-- This site is optimized with the Yoast SEO plugin v26.7 - https:\/\/yoast.com\/wordpress\/plugins\/seo\/ -->\n<title>Hochzeitscheckliste f\u00fcr euren sch\u00f6nsten Tag. - Tadaaz Blog<\/title>\n<meta name=\"description\" content=\"Ihr steckt mitten in der Traumhochzeit-Planung?! Mit unserer ultimativen -Hochzeits-Checkliste vergesst ihr garantiert nichts und Eure Hochzeit wird ein Traum! Jetzt Checkliste downloaden!\" \/>\n<meta name=\"robots\" content=\"index, follow, max-snippet:-1, max-image-preview:large, max-video-preview:-1\" \/>\n<link rel=\"canonical\" href=\"https:\/\/tadaaz.de\/blog\/de\/wp-json\/wp\/v2\/pages\/28745\" \/>\n<meta property=\"og:locale\" content=\"de_DE\" \/>\n<meta property=\"og:type\" content=\"article\" \/>\n<meta property=\"og:title\" content=\"Hochzeitscheckliste f\u00fcr euren sch\u00f6nsten Tag. - Tadaaz Blog\" \/>\n<meta property=\"og:description\" content=\"Ihr steckt mitten in der Traumhochzeit-Planung?! Mit unserer ultimativen -Hochzeits-Checkliste vergesst ihr garantiert nichts und Eure Hochzeit wird ein Traum! Jetzt Checkliste downloaden!\" \/>\n<meta property=\"og:url\" content=\"https:\/\/tadaaz.de\/blog\/de\/kostenlose-checkliste-hochzeit\/\" \/>\n<meta property=\"og:site_name\" content=\"Tadaaz Blog\" \/>\n<meta property=\"article:modified_time\" content=\"2026-01-27T10:48:51+00:00\" \/>\n<meta property=\"og:image\" content=\"https:\/\/tadaaz.de\/blog\/wp-content\/uploads\/2019\/06\/callie-morgan-285179-unsplash.jpg\" \/>\n\t<meta property=\"og:image:width\" content=\"6016\" \/>\n\t<meta property=\"og:image:height\" content=\"4016\" \/>\n\t<meta property=\"og:image:type\" content=\"image\/jpeg\" \/>\n<meta name=\"twitter:card\" content=\"summary_large_image\" \/>\n<meta name=\"twitter:label1\" content=\"Gesch\u00e4tzte Lesezeit\" \/>\n\t<meta name=\"twitter:data1\" content=\"2\u00a0Minuten\" \/>\n<!-- \/ Yoast SEO plugin. -->","yoast_head_json":{"title":"Hochzeitscheckliste f\u00fcr euren sch\u00f6nsten Tag. - Tadaaz Blog","description":"Ihr steckt mitten in der Traumhochzeit-Planung?! Mit unserer ultimativen -Hochzeits-Checkliste vergesst ihr garantiert nichts und Eure Hochzeit wird ein Traum! Jetzt Checkliste downloaden!","robots":{"index":"index","follow":"follow","max-snippet":"max-snippet:-1","max-image-preview":"max-image-preview:large","max-video-preview":"max-video-preview:-1"},"canonical":"https:\/\/tadaaz.de\/blog\/de\/wp-json\/wp\/v2\/pages\/28745","og_locale":"de_DE","og_type":"article","og_title":"Hochzeitscheckliste f\u00fcr euren sch\u00f6nsten Tag. - Tadaaz Blog","og_description":"Ihr steckt mitten in der Traumhochzeit-Planung?! Mit unserer ultimativen -Hochzeits-Checkliste vergesst ihr garantiert nichts und Eure Hochzeit wird ein Traum! Jetzt Checkliste downloaden!","og_url":"https:\/\/tadaaz.de\/blog\/de\/kostenlose-checkliste-hochzeit\/","og_site_name":"Tadaaz Blog","article_modified_time":"2026-01-27T10:48:51+00:00","og_image":[{"width":6016,"height":4016,"url":"https:\/\/tadaaz.de\/blog\/wp-content\/uploads\/2019\/06\/callie-morgan-285179-unsplash.jpg","type":"image\/jpeg"}],"twitter_card":"summary_large_image","twitter_misc":{"Gesch\u00e4tzte Lesezeit":"2\u00a0Minuten"},"schema":{"@context":"https:\/\/schema.org","@graph":[{"@type":"WebPage","@id":"https:\/\/tadaaz.de\/blog\/de\/kostenlose-checkliste-hochzeit\/","url":"https:\/\/tadaaz.de\/blog\/de\/kostenlose-checkliste-hochzeit\/","name":"Hochzeitscheckliste f\u00fcr euren sch\u00f6nsten Tag. - Tadaaz Blog","isPartOf":{"@id":"https:\/\/tadaaz.nl\/blog\/nl\/#website"},"primaryImageOfPage":{"@id":"https:\/\/tadaaz.de\/blog\/de\/kostenlose-checkliste-hochzeit\/#primaryimage"},"image":{"@id":"https:\/\/tadaaz.de\/blog\/de\/kostenlose-checkliste-hochzeit\/#primaryimage"},"thumbnailUrl":"https:\/\/tadaaz.de\/blog\/wp-content\/uploads\/2019\/06\/callie-morgan-285179-unsplash.jpg","datePublished":"2018-01-19T09:55:21+00:00","dateModified":"2026-01-27T10:48:51+00:00","description":"Ihr steckt mitten in der Traumhochzeit-Planung?! Mit unserer ultimativen -Hochzeits-Checkliste vergesst ihr garantiert nichts und Eure Hochzeit wird ein Traum! Jetzt Checkliste downloaden!","inLanguage":"de","potentialAction":[{"@type":"ReadAction","target":["https:\/\/tadaaz.de\/blog\/de\/kostenlose-checkliste-hochzeit\/"]}]},{"@type":"ImageObject","inLanguage":"de","@id":"https:\/\/tadaaz.de\/blog\/de\/kostenlose-checkliste-hochzeit\/#primaryimage","url":"https:\/\/tadaaz.de\/blog\/wp-content\/uploads\/2019\/06\/callie-morgan-285179-unsplash.jpg","contentUrl":"https:\/\/tadaaz.de\/blog\/wp-content\/uploads\/2019\/06\/callie-morgan-285179-unsplash.jpg","width":6016,"height":4016},{"@type":"WebSite","@id":"https:\/\/tadaaz.nl\/blog\/nl\/#website","url":"https:\/\/tadaaz.nl\/blog\/nl\/","name":"Tadaaz Blog","description":"","publisher":{"@id":"https:\/\/tadaaz.nl\/blog\/nl\/#organization"},"potentialAction":[{"@type":"SearchAction","target":{"@type":"EntryPoint","urlTemplate":"https:\/\/tadaaz.nl\/blog\/nl\/?s={search_term_string}"},"query-input":{"@type":"PropertyValueSpecification","valueRequired":true,"valueName":"search_term_string"}}],"inLanguage":"de"},{"@type":"Organization","@id":"https:\/\/tadaaz.nl\/blog\/nl\/#organization","name":"Tadaaz Blog","url":"https:\/\/tadaaz.nl\/blog\/nl\/","logo":{"@type":"ImageObject","inLanguage":"de","@id":"https:\/\/tadaaz.nl\/blog\/nl\/#\/schema\/logo\/image\/","url":"https:\/\/tadaaz.de\/blog\/wp-content\/uploads\/2023\/02\/TADAAZ_LOGO_RGB_BLOG.svg","contentUrl":"https:\/\/tadaaz.de\/blog\/wp-content\/uploads\/2023\/02\/TADAAZ_LOGO_RGB_BLOG.svg","caption":"Tadaaz Blog"},"image":{"@id":"https:\/\/tadaaz.nl\/blog\/nl\/#\/schema\/logo\/image\/"}}]}},"_links":{"self":[{"href":"https:\/\/tadaaz.de\/blog\/de\/wp-json\/wp\/v2\/pages\/28745","targetHints":{"allow":["GET"]}}],"collection":[{"href":"https:\/\/tadaaz.de\/blog\/de\/wp-json\/wp\/v2\/pages"}],"about":[{"href":"https:\/\/tadaaz.de\/blog\/de\/wp-json\/wp\/v2\/types\/page"}],"author":[{"embeddable":true,"href":"https:\/\/tadaaz.de\/blog\/de\/wp-json\/wp\/v2\/users\/25"}],"replies":[{"embeddable":true,"href":"https:\/\/tadaaz.de\/blog\/de\/wp-json\/wp\/v2\/comments?post=28745"}],"version-history":[{"count":2,"href":"https:\/\/tadaaz.de\/blog\/de\/wp-json\/wp\/v2\/pages\/28745\/revisions"}],"predecessor-version":[{"id":114318,"href":"https:\/\/tadaaz.de\/blog\/de\/wp-json\/wp\/v2\/pages\/28745\/revisions\/114318"}],"wp:featuredmedia":[{"embeddable":true,"href":"https:\/\/tadaaz.de\/blog\/de\/wp-json\/wp\/v2\/media\/54647"}],"wp:attachment":[{"href":"https:\/\/tadaaz.de\/blog\/de\/wp-json\/wp\/v2\/media?parent=28745"}],"curies":[{"name":"wp","href":"https:\/\/api.w.org\/{rel}","templated":true}]}}