{"id":28379,"date":"2018-01-05T14:20:52","date_gmt":"2018-01-05T13:20:52","guid":{"rendered":"https:\/\/tadaaz.be\/blog\/de\/?page_id=28379"},"modified":"2026-01-27T11:49:55","modified_gmt":"2026-01-27T10:49:55","slug":"kostenlose-checkliste-kommunion","status":"publish","type":"page","link":"https:\/\/tadaaz.de\/blog\/de\/kostenlose-checkliste-kommunion\/","title":{"rendered":"Die vielseitigste Checkliste f\u00fcr Kommunion und Konfirmation."},"content":{"rendered":"\n<figure class=\"wp-block-image size-large\"><a href=\"http:\/\/tadaaz.de\/blog\/wp-content\/uploads\/2024\/03\/EllieFee_CommunieShoot_2023-43.jpg\"><img loading=\"lazy\" decoding=\"async\" width=\"1024\" height=\"684\" src=\"http:\/\/tadaaz.de\/blog\/wp-content\/uploads\/2024\/03\/EllieFee_CommunieShoot_2023-43-1024x684.jpg\" alt=\"\" class=\"wp-image-94432\" style=\"aspect-ratio:16\/9;object-fit:cover\" srcset=\"https:\/\/tadaaz.de\/blog\/wp-content\/uploads\/2024\/03\/EllieFee_CommunieShoot_2023-43-1024x684.jpg 1024w, https:\/\/tadaaz.de\/blog\/wp-content\/uploads\/2024\/03\/EllieFee_CommunieShoot_2023-43-300x200.jpg 300w, https:\/\/tadaaz.de\/blog\/wp-content\/uploads\/2024\/03\/EllieFee_CommunieShoot_2023-43-768x513.jpg 768w, https:\/\/tadaaz.de\/blog\/wp-content\/uploads\/2024\/03\/EllieFee_CommunieShoot_2023-43-1536x1026.jpg 1536w, https:\/\/tadaaz.de\/blog\/wp-content\/uploads\/2024\/03\/EllieFee_CommunieShoot_2023-43-100x67.jpg 100w, https:\/\/tadaaz.de\/blog\/wp-content\/uploads\/2024\/03\/EllieFee_CommunieShoot_2023-43.jpg 1613w\" sizes=\"auto, (max-width: 1024px) 100vw, 1024px\" \/><\/a><\/figure>\n\n\n<div class=\"klaviyo-form-wrapper\" data-klaviyo-form-id=\"XiayJg\"><div class=\"klaviyo-form-XiayJg\"><\/div><div style=\"background: #f7f7f7; border: 1px dashed #ccc; padding: 20px; text-align: center; color: #666;\"><strong>Klaviyo Form Placeholder<\/strong><br>ID: XiayJg<\/div><\/div>\n\n\n<p class=\"has-text-align-left\"><strong>Melde dich ober f\u00fcr unseren Newsletter an und erhalte sofort deine Kommunions- und Konfirmationscheckliste mit 6 Seiten voller Tipps und To-Dos als Willkommensgeschenk. <\/strong><\/p>\n\n\n\n<p>\u00dcber den Newsletter senden wir dir exklusive Updates zu unseren Aktionen und Kollektionen, die sonst niemand zu sehen bekommt. Du kannst dich jederzeit \u00fcber den Link am Ende der E-Mails abmelden. <\/p>\n\n\n\n<p>Die Kommunion oder Konfirmation ist oft ein gro\u00dfer Meilenstein im Leben deines Kindes. Nat\u00fcrlich soll an diesem besonderen Tag alles perfekt sein! Die Planung einer Kommunions- oder Konfirmationsfeier erfordert einiges an Vorbereitung. Lade unsere Kommunions- und Konfirmationscheckliste herunter und stelle sicher, dass du nichts vergisst! Mit einer guten Planung und Organisation kansnt du die Vorbereitungen in vollen Z\u00fcgen genie\u00dfen. Dank dieser praktischen Checkliste wird die Feier deines Sohnes oder deiner Tochter garantiert ein voller Erfolg! <\/p>\n\n\n\n<p>Unsere praktische Checkliste f\u00fcr die Organisation deiner Kommunions- oder Konfirmationsfeier ist ein absolutes Muss, wenn du dieses Jahr eine solche Feier planst! W\u00e4hle ein Datum f\u00fcr diesen gro\u00dfen Tag und sammle alle wichtige Informationen, damit deine G\u00e4ste die richtige Adresse und weitere Details zur Kommunions- oder Konfirmationsfeier erhalten. Vergiss nicht, eine G\u00e4steliste zu erstellen! Ob du das Fest zu Hause oder an einem besonderen Veranstaltungsort feiern m\u00f6chtest &#8211; mit der richtigen Planung wird es ein unvergessliches Ereignis. Und egal, wo du feierst, halte diesen besonderen Tag unbedingt mit vielen Fotos fest! Auch f\u00fcr die Kommunion ist diese Checkliste \u00e4u\u00dferst hilfreich. Keine Sorge &#8211; alle wichtigen Punkte sind sorgf\u00e4ltig aufgef\u00fchrt, damit du nicht \u00fcbersiehst. Genie\u00dfe vor allem die sch\u00f6nen Vorbereitungen! <\/p>\n\n\n\n<p><strong>Vorteile der Kommunions und Konfirmationscheckliste: <\/strong><\/p>\n\n\n\n<ul class=\"wp-block-list\">\n<li>Du folgst einem klaren Plan f\u00fcr die Vorbereitungen der Feier <\/li>\n\n\n\n<li>Du hast jedes Detail im Blick<\/li>\n\n\n\n<li>Schon die Vorbereitung wird ein Fest!<\/li>\n\n\n\n<li>Nichts wird vergessen &#8211; es wird die sch\u00f6nste Feier aller Zeiten <\/li>\n<\/ul>\n\n\n\n<p><\/p>\n","protected":false},"excerpt":{"rendered":"<p>Melde dich ober f\u00fcr unseren Newsletter an und erhalte sofort deine Kommunions- und Konfirmationscheckliste mit 6 Seiten voller Tipps und To-Dos als Willkommensgeschenk. \u00dcber den Newsletter senden wir dir exklusive Updates zu unseren Aktionen und Kollektionen, die sonst niemand zu sehen bekommt. Du kannst dich jederzeit \u00fcber den Link am Ende der E-Mails abmelden. Die [&hellip;]<\/p>\n","protected":false},"author":25,"featured_media":98534,"parent":0,"menu_order":0,"comment_status":"closed","ping_status":"closed","template":"","meta":{"footnotes":""},"class_list":["post-28379","page","type-page","status-publish","has-post-thumbnail","hentry"],"blocksy_meta":{"styles_descriptor":{"styles":{"desktop":"","tablet":"","mobile":""},"google_fonts":[],"version":6}},"yoast_head":"<!-- This site is optimized with the Yoast SEO plugin v26.7 - https:\/\/yoast.com\/wordpress\/plugins\/seo\/ -->\n<title>Die vielseitigste Checkliste f\u00fcr Kommunion und Konfirmation. - Tadaaz Blog<\/title>\n<meta name=\"description\" content=\"Die Kommunion und Konfirmation sind gro\u00dfe Meilensteine im Leben deines Kindes. Abonniere unseren Newsletter und erhalte unsere kostenlose Checkliste zur Kommunion und Konfirmation.\" \/>\n<meta name=\"robots\" content=\"index, follow, max-snippet:-1, max-image-preview:large, max-video-preview:-1\" \/>\n<link rel=\"canonical\" href=\"https:\/\/tadaaz.de\/blog\/de\/wp-json\/wp\/v2\/pages\/28379\" \/>\n<meta property=\"og:locale\" content=\"de_DE\" \/>\n<meta property=\"og:type\" content=\"article\" \/>\n<meta property=\"og:title\" content=\"Die vielseitigste Checkliste f\u00fcr Kommunion und Konfirmation. - Tadaaz Blog\" \/>\n<meta property=\"og:description\" content=\"Die Kommunion und Konfirmation sind gro\u00dfe Meilensteine im Leben deines Kindes. Abonniere unseren Newsletter und erhalte unsere kostenlose Checkliste zur Kommunion und Konfirmation.\" \/>\n<meta property=\"og:url\" content=\"https:\/\/tadaaz.de\/blog\/de\/kostenlose-checkliste-kommunion\/\" \/>\n<meta property=\"og:site_name\" content=\"Tadaaz Blog\" \/>\n<meta property=\"article:modified_time\" content=\"2026-01-27T10:49:55+00:00\" \/>\n<meta property=\"og:image\" content=\"https:\/\/tadaaz.de\/blog\/wp-content\/uploads\/2025\/01\/PhotoshootInHouse2025_Fam1_-30.jpg\" \/>\n\t<meta property=\"og:image:width\" content=\"2000\" \/>\n\t<meta property=\"og:image:height\" content=\"1335\" \/>\n\t<meta property=\"og:image:type\" content=\"image\/jpeg\" \/>\n<meta name=\"twitter:card\" content=\"summary_large_image\" \/>\n<meta name=\"twitter:label1\" content=\"Gesch\u00e4tzte Lesezeit\" \/>\n\t<meta name=\"twitter:data1\" content=\"2\u00a0Minuten\" \/>\n<!-- \/ Yoast SEO plugin. -->","yoast_head_json":{"title":"Die vielseitigste Checkliste f\u00fcr Kommunion und Konfirmation. - Tadaaz Blog","description":"Die Kommunion und Konfirmation sind gro\u00dfe Meilensteine im Leben deines Kindes. Abonniere unseren Newsletter und erhalte unsere kostenlose Checkliste zur Kommunion und Konfirmation.","robots":{"index":"index","follow":"follow","max-snippet":"max-snippet:-1","max-image-preview":"max-image-preview:large","max-video-preview":"max-video-preview:-1"},"canonical":"https:\/\/tadaaz.de\/blog\/de\/wp-json\/wp\/v2\/pages\/28379","og_locale":"de_DE","og_type":"article","og_title":"Die vielseitigste Checkliste f\u00fcr Kommunion und Konfirmation. - Tadaaz Blog","og_description":"Die Kommunion und Konfirmation sind gro\u00dfe Meilensteine im Leben deines Kindes. Abonniere unseren Newsletter und erhalte unsere kostenlose Checkliste zur Kommunion und Konfirmation.","og_url":"https:\/\/tadaaz.de\/blog\/de\/kostenlose-checkliste-kommunion\/","og_site_name":"Tadaaz Blog","article_modified_time":"2026-01-27T10:49:55+00:00","og_image":[{"width":2000,"height":1335,"url":"https:\/\/tadaaz.de\/blog\/wp-content\/uploads\/2025\/01\/PhotoshootInHouse2025_Fam1_-30.jpg","type":"image\/jpeg"}],"twitter_card":"summary_large_image","twitter_misc":{"Gesch\u00e4tzte Lesezeit":"2\u00a0Minuten"},"schema":{"@context":"https:\/\/schema.org","@graph":[{"@type":"WebPage","@id":"https:\/\/tadaaz.de\/blog\/de\/kostenlose-checkliste-kommunion\/","url":"https:\/\/tadaaz.de\/blog\/de\/kostenlose-checkliste-kommunion\/","name":"Die vielseitigste Checkliste f\u00fcr Kommunion und Konfirmation. - Tadaaz Blog","isPartOf":{"@id":"https:\/\/tadaaz.nl\/blog\/nl\/#website"},"primaryImageOfPage":{"@id":"https:\/\/tadaaz.de\/blog\/de\/kostenlose-checkliste-kommunion\/#primaryimage"},"image":{"@id":"https:\/\/tadaaz.de\/blog\/de\/kostenlose-checkliste-kommunion\/#primaryimage"},"thumbnailUrl":"https:\/\/tadaaz.de\/blog\/wp-content\/uploads\/2025\/01\/PhotoshootInHouse2025_Fam1_-30.jpg","datePublished":"2018-01-05T13:20:52+00:00","dateModified":"2026-01-27T10:49:55+00:00","description":"Die Kommunion und Konfirmation sind gro\u00dfe Meilensteine im Leben deines Kindes. Abonniere unseren Newsletter und erhalte unsere kostenlose Checkliste zur Kommunion und Konfirmation.","inLanguage":"de","potentialAction":[{"@type":"ReadAction","target":["https:\/\/tadaaz.de\/blog\/de\/kostenlose-checkliste-kommunion\/"]}]},{"@type":"ImageObject","inLanguage":"de","@id":"https:\/\/tadaaz.de\/blog\/de\/kostenlose-checkliste-kommunion\/#primaryimage","url":"https:\/\/tadaaz.de\/blog\/wp-content\/uploads\/2025\/01\/PhotoshootInHouse2025_Fam1_-30.jpg","contentUrl":"https:\/\/tadaaz.de\/blog\/wp-content\/uploads\/2025\/01\/PhotoshootInHouse2025_Fam1_-30.jpg","width":2000,"height":1335},{"@type":"WebSite","@id":"https:\/\/tadaaz.nl\/blog\/nl\/#website","url":"https:\/\/tadaaz.nl\/blog\/nl\/","name":"Tadaaz Blog","description":"","publisher":{"@id":"https:\/\/tadaaz.nl\/blog\/nl\/#organization"},"potentialAction":[{"@type":"SearchAction","target":{"@type":"EntryPoint","urlTemplate":"https:\/\/tadaaz.nl\/blog\/nl\/?s={search_term_string}"},"query-input":{"@type":"PropertyValueSpecification","valueRequired":true,"valueName":"search_term_string"}}],"inLanguage":"de"},{"@type":"Organization","@id":"https:\/\/tadaaz.nl\/blog\/nl\/#organization","name":"Tadaaz Blog","url":"https:\/\/tadaaz.nl\/blog\/nl\/","logo":{"@type":"ImageObject","inLanguage":"de","@id":"https:\/\/tadaaz.nl\/blog\/nl\/#\/schema\/logo\/image\/","url":"https:\/\/tadaaz.de\/blog\/wp-content\/uploads\/2023\/02\/TADAAZ_LOGO_RGB_BLOG.svg","contentUrl":"https:\/\/tadaaz.de\/blog\/wp-content\/uploads\/2023\/02\/TADAAZ_LOGO_RGB_BLOG.svg","caption":"Tadaaz Blog"},"image":{"@id":"https:\/\/tadaaz.nl\/blog\/nl\/#\/schema\/logo\/image\/"}}]}},"_links":{"self":[{"href":"https:\/\/tadaaz.de\/blog\/de\/wp-json\/wp\/v2\/pages\/28379","targetHints":{"allow":["GET"]}}],"collection":[{"href":"https:\/\/tadaaz.de\/blog\/de\/wp-json\/wp\/v2\/pages"}],"about":[{"href":"https:\/\/tadaaz.de\/blog\/de\/wp-json\/wp\/v2\/types\/page"}],"author":[{"embeddable":true,"href":"https:\/\/tadaaz.de\/blog\/de\/wp-json\/wp\/v2\/users\/25"}],"replies":[{"embeddable":true,"href":"https:\/\/tadaaz.de\/blog\/de\/wp-json\/wp\/v2\/comments?post=28379"}],"version-history":[{"count":2,"href":"https:\/\/tadaaz.de\/blog\/de\/wp-json\/wp\/v2\/pages\/28379\/revisions"}],"predecessor-version":[{"id":114319,"href":"https:\/\/tadaaz.de\/blog\/de\/wp-json\/wp\/v2\/pages\/28379\/revisions\/114319"}],"wp:featuredmedia":[{"embeddable":true,"href":"https:\/\/tadaaz.de\/blog\/de\/wp-json\/wp\/v2\/media\/98534"}],"wp:attachment":[{"href":"https:\/\/tadaaz.de\/blog\/de\/wp-json\/wp\/v2\/media?parent=28379"}],"curies":[{"name":"wp","href":"https:\/\/api.w.org\/{rel}","templated":true}]}}